{"id":123,"date":"2023-07-04T19:46:29","date_gmt":"2023-07-04T19:46:29","guid":{"rendered":"https:\/\/sitioweb.gruporoma.com\/?page_id=123"},"modified":"2023-07-04T19:49:40","modified_gmt":"2023-07-04T19:49:40","slug":"aviso-de-privacidad","status":"publish","type":"page","link":"https:\/\/gruporoma.com\/?page_id=123","title":{"rendered":"Aviso de Privacidad"},"content":{"rendered":"\t\t<div data-elementor-type=\"wp-page\" data-elementor-id=\"123\" class=\"elementor elementor-123\" data-elementor-post-type=\"page\">\n\t\t\t\t\t\t<section class=\"elementor-section elementor-top-section elementor-element elementor-element-470cecd elementor-section-boxed elementor-section-height-default elementor-section-height-default\" data-id=\"470cecd\" data-element_type=\"section\" data-e-type=\"section\">\n\t\t\t\t\t\t<div class=\"elementor-container elementor-column-gap-default\">\n\t\t\t\t\t<div class=\"elementor-column elementor-col-100 elementor-top-column elementor-element elementor-element-2f99cf4\" data-id=\"2f99cf4\" data-element_type=\"column\" data-e-type=\"column\">\n\t\t\t<div class=\"elementor-widget-wrap elementor-element-populated\">\n\t\t\t\t\t\t<div class=\"elementor-element elementor-element-eb1d6da elementor-widget elementor-widget-text-editor\" data-id=\"eb1d6da\" data-element_type=\"widget\" data-e-type=\"widget\" data-widget_type=\"text-editor.default\">\n\t\t\t\t<div class=\"elementor-widget-container\">\n\t\t\t\t\t\t\t\t\t<p><strong>\u201cACF\u201d, SOCIEDAD AN\u00d3NIMA DE CAPITAL VARIABLE<\/strong>, con domicilio en: Calle Huatusco n\u00famero 37, Colonia Roma Sur, Alcald\u00eda Cuauht\u00e9moc, C. P. 06760, Ciudad de M\u00e9xico, M\u00e9xico, y portal de internet\u00a0<a href=\"http:\/\/pinturas57.com.mx\/\">http:\/\/gruporoma.com.mx\/<\/a>\u00a0es el responsable del uso y protecci\u00f3n de sus datos personales, y al respecto le informamos lo siguiente:<\/p><p>De conformidad con lo previsto en la Ley Federal De Protecci\u00f3n De Datos Personales En Posesi\u00f3n De Los Particulares y su Reglamento, nos permitimos solicitarle leer cuidadosamente los T\u00e9rminos y Condiciones contenidos en este Aviso de Privacidad (el \u201cAviso\u201d), ya que el presente Aviso contiene los t\u00e9rminos y condiciones aplicables a los Datos Personales que se recaban por parte de Grupo Roma, en caso de que Usted otorgue su consentimiento.<\/p><p>Su informaci\u00f3n personal ser\u00e1 utilizada para proveer los servicios y productos que ha solicitado, informarle sobre cambios en los mismos y evaluar la calidad del servicio que le brindamos, aunado al listado que m\u00e1s adelante se presenta.<\/p><p><strong>\u00bfPara qu\u00e9 fines utilizaremos sus datos personales?<\/strong><\/p><p>Con fundamento en lo dispuesto en los art\u00edculos 15, 16 y dem\u00e1s aplicables de Ley Federal De Protecci\u00f3n De Datos Personales En Posesi\u00f3n De Los Particulares y su Reglamento, sus datos personales son utilizados para las siguientes finalidades, que son necesarias para el servicio que solicita:<\/p><ul><li>Para fines de identificaci\u00f3n,<\/li><li>Para fines de facturaci\u00f3n y cobro<\/li><li>Para realizar el proceso de selecci\u00f3n, reclutamiento y contrataci\u00f3n.<\/li><li>Realizar investigaciones, a trav\u00e9s de las referencias laborales, estudios psicom\u00e9tricos y evaluaciones de confianza.<\/li><li>Intercambiar sus datos profesionales con otras compa\u00f1\u00edas del grupo y fuera del grupo dentro y fuera del pa\u00eds para fines de identificaci\u00f3n, reclutamiento y selecci\u00f3n.<\/li><li>En caso de ser contratado, ser\u00e1n utilizados sus datos para la realizaci\u00f3n del respectivo contrato laboral, elaborar, administrar y actualizar su expediente laboral as\u00ed como para otorgarle prestaciones de seguridad social, calcular la n\u00f3mina, entre otras.<\/li><li>Dar las referencias laborales que otra empresa requiera con motivo de una nueva contrataci\u00f3n derivada de la relaci\u00f3n laboral que con nosotros tenga.<\/li><li>Realizar encuestas de satisfacci\u00f3n y calidad de nuestros productos y\/o servicios.<\/li><li>Dar cumplimiento a las obligaciones comerciales contra\u00eddas, de ser el caso.<\/li><li>Informarle sobre cambios en los mismos o nuevos servicios o productos.<\/li><li>Darlo de alta en los sistemas internos de seguimiento.<\/li><li>Informarle sobre eventos, promociones, descuentos, servicios, publicaciones y novedades de\u00a0<strong>Pingol.<\/strong><\/li><li>Dar de alta en sistemas internos que permitan la organizaci\u00f3n y seguimiento de las obligaciones contra\u00eddas con nuestros clientes;<\/li><li>Realizarle investigaciones socioecon\u00f3micas para otorgarle alg\u00fan cr\u00e9dito;<\/li><li>Dar seguimiento a pedidos y entregas;<\/li><li>Atender quejas y reclamaciones;<\/li><li>Proveer servicios y productos requeridos;<\/li><li>Actualizar datos;<\/li><li>Para dar referencias comerciales a terceros relacionadas con la relaci\u00f3n contractual tenida;<\/li><li>Para la defensa de los derechos de los Responsables, incluyendo procedimientos judiciales, penales o administrativos.<\/li><\/ul><p>De manera adicional, utilizaremos su informaci\u00f3n personal para las siguientes finalidades secundarias que\u00a0<strong>no son necesarias<\/strong>\u00a0para el servicio solicitado, pero que nos permiten y facilitan brindarle una mejor atenci\u00f3n:<\/p><ul><li>Realizar estudios internos sobre h\u00e1bitos de consumo;<\/li><li>Mercadotecnia o publicitaria.<\/li><li>Prospecci\u00f3n comercial.<\/li><\/ul><p>La negativa para el uso de sus datos personales para estas finalidades no podr\u00e1 ser un motivo para que le neguemos los servicios y productos que solicita o contrata con nosotros.<\/p><p><strong>Asimismo, se manifiesta que\u00a0<\/strong><strong>Pingol\u00a0<\/strong><strong>no solicita ni almacena datos personales sensibles en t\u00e9rminos del art\u00edculo tercero, fracci\u00f3n VI de la LEY FEDERAL DE PROTECCI\u00d3N DE DATOS PERSONALES EN POSESI\u00d3N DE LOS PARTICULARES entendi\u00e9ndose por estos:<\/strong><\/p><p><strong>Datos personales sensibles: Refieren informaci\u00f3n que pueda revelar aspectos \u00edntimos de una persona, dar lugar a discriminaci\u00f3n o su indebida utilizaci\u00f3n conlleva un riesgo grave, tal como origen racial o \u00e9tnico, estado de salud, informaci\u00f3n gen\u00e9tica, creencias religiosas, filos\u00f3ficas y morales, afiliaci\u00f3n sindical, opiniones pol\u00edticas y preferencia sexual.<\/strong><\/p><p><strong>En caso de que no desee que sus datos personales se utilicen para estos fines secundarios, h\u00e1galo del conocimiento al personal de la empresa, por este medio o enviando un correo a:<\/strong><\/p><ul><li><a href=\"mailto:arealegal@gruporoma.com\">arealegal@gruporoma.com<\/a><\/li><\/ul><p><strong>\u00bfQu\u00e9 datos personales utilizaremos para estos fines?<\/strong><\/p><p>Para llevar a cabo las finalidades descritas en el presente aviso de privacidad, utilizaremos los siguientes datos personales:<\/p><ul><li>Datos de identificaci\u00f3n: Nombre(s), Apellidos, Edad, Estado civil, Nacionalidad, Domicilio, N\u00famero telef\u00f3nico y\/o de celular, direcci\u00f3n de correo electr\u00f3nico, escolaridad, experiencia laboral, referencias, RFC y Numero de Seguridad Social.<\/li><li>Datos migratorios<\/li><li>Datos patrimoniales y\/o financieros<\/li><\/ul><p><strong>\u00bfCon qui\u00e9n compartimos su informaci\u00f3n personal y para qu\u00e9 fines?<\/strong><\/p><p>Le informamos que sus datos personales son compartidos dentro del pa\u00eds con las siguientes personas, empresas, organizaciones o autoridades distintas a nosotros, para los siguientes fines:<\/p><figure class=\"wp-block-table\"><table><tbody><tr><td><strong>Destinatario de los datos personales<\/strong><\/td><td><strong>Finalidad<\/strong><\/td><td><strong>Requiere del consentimiento<\/strong><\/td><\/tr><tr><td><strong>SAI DE TEXCOCO, S.A. DE C.V.<\/strong><\/td><td>Ofrecer productos o servicios<\/td><td>S\u00ed<\/td><\/tr><tr><td><strong>PINTURAS PUMO, S.A. DE C.V.<\/strong><\/td><td>Ofrecer productos o servicios<\/td><td>S\u00ed<\/td><\/tr><tr><td><strong>PINGOL, S.A. DE C.V.<\/strong><\/td><td>Ofrecer productos o servicios<\/td><td>S\u00ed<\/td><\/tr><tr><td><strong>PINTURAS Y PINTADOS DE CHIHUAHUA, S.A. DE C.V.<\/strong><\/td><td>Ofrecer productos o servicios<\/td><td>S\u00ed<\/td><\/tr><tr><td><strong>FERREPRECIOS, S.A. DE C.V.<\/strong><\/td><td>Ofrecer productos o servicios<\/td><td>S\u00ed<\/td><\/tr><tr><td><strong>SERMID, S.A. DE C.V.<\/strong><\/td><td>Ofrecer productos o servicios<\/td><td>S\u00ed<\/td><\/tr><tr><td><strong>PINTURAS DEL PASO Y JU\u00c1REZ S.A. DE C.V.<\/strong><\/td><td>Ofrecer productos o servicios<\/td><td>S\u00ed<\/td><\/tr><tr><td><strong>ADMINISTRADORA DE COMERCIOS Y FRANQUICIAS, S.A. DE C.V.<\/strong><\/td><td>Ofrecer productos o servicios<\/td><td>S\u00ed<\/td><\/tr><tr><td><strong>OPERADORA MEC\u00c1NICA AUTOMOTRIZ S.A. DE C.V.<\/strong><\/td><td>Ofrecer productos o servicios<\/td><td>S\u00ed<\/td><\/tr><tr><td><strong>ESTEBAN VARGAS FUENTES<\/strong><\/td><td>Ofrecer productos o servicios<\/td><td>S\u00ed<\/td><\/tr><tr><td><strong>AKO PROMOTORA, S.A. DE C.V.<\/strong><\/td><td>Ofrecer productos o servicios<\/td><td>S\u00ed<\/td><\/tr><tr><td><strong>INMOBIROMA S.A. DE C.V.<\/strong><\/td><td>Ofrecer productos o servicios<\/td><td>S\u00ed<\/td><\/tr><tr><td><strong>ARO HOLDING S.A. DE C.V.<\/strong><\/td><td>Ofrecer productos o servicios<\/td><td>S\u00ed<\/td><\/tr><\/tbody><\/table><\/figure><p><strong>\u00bfC\u00f3mo puede acceder, rectificar o cancelar sus datos personales, u oponerse a su uso?<\/strong><\/p><p>De conformidad con lo dispuesto en la Ley General de Protecci\u00f3n de Datos Personales en Posesi\u00f3n de particulares, Usted tiene derecho a conocer con qu\u00e9 datos personales contamos, uso y condiciones del uso que les damos (Acceso). Asimismo, es su derecho solicitar la correcci\u00f3n de su informaci\u00f3n personal en caso de que est\u00e9 desactualizada, sea inexacta o incompleta (Rectificaci\u00f3n); que la eliminemos de nuestros registros o bases de datos cuando considere que la misma no est\u00e1 siendo utilizada adecuadamente (Cancelaci\u00f3n); as\u00ed como oponerse al uso de sus datos personales para fines espec\u00edficos (Oposici\u00f3n). Estos derechos se conocen como derechos ARCO.<\/p><p>Para ejercer los Derechos ARCO, Usted o su representante legal deber\u00e1n elaborar la \u201cSolicitud Ejercicio de los Derechos ARCO\u201d y enviarla escaneada al correo electr\u00f3nico:<\/p><p>\u2022\u00a0\u00a0\u00a0\u00a0\u00a0\u00a0\u00a0\u00a0<a href=\"mailto:arealegal@gruporoma.com\">arealegal@gruporoma.com<\/a>.\u00a0\u00a0\u00a0<\/p><p>La solicitud deber\u00e1 elaborarse en los siguientes t\u00e9rminos:<\/p><p>1.\u00a0\u00a0\u00a0\u00a0 Nombre del solicitante titular de la informaci\u00f3n y del representante*, en su caso;<\/p><p>2.\u00a0\u00a0\u00a0\u00a0 Domicilio o cualquier otro medio para recibir notificaciones;<\/p><p>3.\u00a0\u00a0\u00a0\u00a0 Los documentos originales con los que acredite su identidad y, en su caso, la personalidad e identidad de su representante;<\/p><p>4.\u00a0\u00a0\u00a0\u00a0 La descripci\u00f3n del derecho ARCO que se pretende ejercer, o bien, lo que solicita el titular;<\/p><p>5.\u00a0\u00a0\u00a0\u00a0 Descripci\u00f3n clara y precisa de los datos sobre los que se busca ejercer alguno de los derechos ARCO, salvo que se trate del derecho de acceso; y<\/p><p>6.\u00a0\u00a0\u00a0\u00a0 Cualquier otro elemento o documento que facilite la localizaci\u00f3n de los datos personales, en su caso.<\/p><p>7.\u00a0\u00a0\u00a0\u00a0 Indicar los datos personales respecto de los que se busca ejercer alguno de los derechos.<\/p><p>8.\u00a0\u00a0\u00a0\u00a0 Anexar cualquier documento o informaci\u00f3n que facilite la localizaci\u00f3n de sus datos personales.<\/p><p>\u00a0*Si la solicitud se tramita a trav\u00e9s de un representante legal, incluir el poder notarial en el que conste la facultad otorgada por Usted para este tr\u00e1mite, o bien, una carta poder otorgada por Usted con la firma de aceptaci\u00f3n del apoderado, ante la presencia de dos testigos, debiendo incluir el nombre, firma, domicilio y copia fotost\u00e1tica de la identificaci\u00f3n oficial de cada uno de los firmantes.<\/p><p>*Para el caso de rectificaci\u00f3n de datos, adjuntar la documentaci\u00f3n que acredite dicha modificaci\u00f3n.<\/p><p><strong>Pin<\/strong>gol, bajo los supuestos establecidos en el art\u00edculo 34 de la Ley de Datos, podr\u00e1 negar el acceso a los datos personales, o a realizar la rectificaci\u00f3n o cancelaci\u00f3n o a conceder la oposici\u00f3n al tratamiento de estos. Asimismo, bajo los supuestos establecidos en el art\u00edculo 26 de la Ley de Datos, ACF no estar\u00e1 obligado a cancelar sus datos personales.<\/p><p><strong>ACF <\/strong>dar\u00e1 respuesta a dicha solicitud en un plazo no mayor a 20 d\u00edas h\u00e1biles por el mismo medio por el cual Usted haya realizado su solicitud. En caso de que su solicitud se conteste de manera afirmativa o procedente, los cambios solicitados se har\u00e1n en un plazo m\u00e1ximo de 15 d\u00edas h\u00e1biles. En caso de que Usted solicite el acceso a sus datos personales, el Responsable le informar\u00e1 mediante el correo electr\u00f3nico en el que comuniquemos nuestra respuesta a su solicitud, el medio por el cual se le dar\u00e1 acceso a su informaci\u00f3n en caso de ser procedente. El Responsable podr\u00e1 ampliar los plazos referidos en este p\u00e1rrafo, por una sola vez, por un periodo igual al original, lo cual le ser\u00e1 informado.<\/p><p>Puede escribirnos en cualquier momento para solicitar modificaciones de cierta informaci\u00f3n personal que considere que es incorrecta o irrelevante, as\u00ed como para solicitar que bloqueemos, borremos o eliminemos su informaci\u00f3n personal.<\/p><p>Actualizaremos, bloquearemos, borraremos o eliminaremos su informaci\u00f3n personal previa petici\u00f3n de acuerdo con la legislaci\u00f3n aplicable. En caso de se niegue el ejercicio de cualquiera de los derechos de acceso, rectificaci\u00f3n, cancelaci\u00f3n u oposici\u00f3n;\u00a0<strong>ACF <\/strong>deber\u00e1 de justificar dicha negativa, teniendo Usted el derecho para solicitar el inicio del procedimiento de protecci\u00f3n de derechos ante el Instituto Federal de Acceso a la Informaci\u00f3n y Protecci\u00f3n de Datos establecido por el Cap\u00edtulo VII de la Ley de Datos.<\/p><p><strong>Medios para revocar el consentimiento para el tratamiento de datos personales<\/strong><\/p><p>Para revocar su consentimiento para el tratamiento de sus datos personales, deber\u00e1 presentar su solicitud, enviando un correo electr\u00f3nico a la siguiente direcci\u00f3n:\u00a0<a href=\"mailto:arealegal@gruporoma.com\">arealegal@gruporoma.com<\/a>. El usuario debe seguir el procedimiento que se describe en el numeral anterior.\u00a0 Si con posterioridad a la revocaci\u00f3n, solicita la confirmaci\u00f3n de la misma, el Responsable le responder\u00e1 de forma expresa.<\/p><p><strong>Conservaci\u00f3n de su informaci\u00f3n personal<\/strong><\/p><p>Conservaremos su informaci\u00f3n personal durante dos a\u00f1os a partir de su \u00faltima interacci\u00f3n con nosotros, su \u00faltima compra o alguna otra forma de contacto o interacci\u00f3n, a menos que la ley exija un per\u00edodo de conservaci\u00f3n m\u00e1s largo o corto, que sea necesario en el curso de un procedimiento judicial o que se requiera para un fin determinado de acuerdo con la legislaci\u00f3n aplicable.<\/p><p>Los siguientes son ejemplos que ilustran de qu\u00e9 forma\u00a0<strong>ACF <\/strong>mantiene su informaci\u00f3n personal durante el tiempo que sea necesario para un fin determinado:<\/p><p>\u2022\u00a0\u00a0\u00a0\u00a0\u00a0\u00a0\u00a0 Podemos guardar su informaci\u00f3n personal recopilada al realizar una compra durante el tiempo que lo exijan las leyes fiscales aplicables.<\/p><p>\u2022\u00a0\u00a0\u00a0\u00a0\u00a0\u00a0\u00a0 Podemos guardar su informaci\u00f3n personal por un per\u00edodo m\u00e1s corto si Usted nos solicita que eliminemos su informaci\u00f3n personal, de acuerdo con lo referente al ejercicio de los Derechos ARCO. En tal caso,\u00a0<strong>ACF <\/strong>espera eliminar su informaci\u00f3n personal en el plazo m\u00e1ximo de un mes a partir de la fecha de la solicitud.<\/p><p>\u2022\u00a0\u00a0\u00a0\u00a0\u00a0\u00a0\u00a0 La informaci\u00f3n recopilada en relaci\u00f3n con las promociones se conservar\u00e1 durante un mes como m\u00e1ximo tras la finalizaci\u00f3n de la promoci\u00f3n.<\/p><p>Le informamos que no en todos los casos podremos atender su solicitud o concluir el tratamiento de sus datos personales de forma inmediata, ya que es posible que por alguna obligaci\u00f3n legal requiramos seguir tratando sus datos personales.<\/p><p>Si Usted no autoriza o revoca el tratamiento de sus datos personales o bien limita el mismo, es posible que\u00a0<strong>ACF <\/strong>no pueda brindarle las prestaciones y beneficios a los que de otra forma tendr\u00eda acceso.<\/p><p>Usted puede revocar el consentimiento que, en su caso haya otorgado para el tratamiento de sus datos personales. Sin embargo, es importante que tenga en cuenta que no en todos los casos podremos atender su solicitud o concluir el uso de forma inmediata, ya que es posible que por alguna obligaci\u00f3n legal requiramos seguir tratando sus datos personales. Asimismo, usted deber\u00e1 considerar que para\u00a0<strong>ciertos fines<\/strong>, la revocaci\u00f3n de su consentimiento implicar\u00e1 la cancelaci\u00f3n del servicio o la conclusi\u00f3n de su relaci\u00f3n con nosotros.<\/p><p><strong>Opciones para limitar el uso o divulgaci\u00f3n de sus datos personales.<\/strong><\/p><p>Para limitar el uso o divulgaci\u00f3n de sus datos personales, Usted deber\u00e1 solicitarlo mediante solicitud debidamente firmada, presentada ya sea en el domicilio del responsable o v\u00eda electr\u00f3nica, al correo electr\u00f3nico:\u00a0<a href=\"mailto:arealegal@gruporoma.com\">arealegal@gruporoma.com<\/a>, solicitando la limitaci\u00f3n del uso o divulgaci\u00f3n de que se trate. Sin embargo, si Usted limita el uso o divulgaci\u00f3n es posible que ACF<strong>\u00a0<\/strong>no pueda brindarle las prestaciones y beneficios a los que de otra forma tendr\u00eda acceso.<\/p><p>Mediante el uso de nuestra p\u00e1gina web, Usted da su consentimiento para el tratamiento y transferencias, uso para las finalidades necesarias y no necesarias de sus datos personales, incluidos datos econ\u00f3micos y patrimoniales.<\/p><p><strong>\u00bfC\u00f3mo puede conocer los cambios en este aviso de privacidad?<\/strong><\/p><p>El presente aviso de privacidad puede sufrir modificaciones, cambios o actualizaciones derivadas de nuevos requerimientos legales; de nuestras propias necesidades por los productos o servicios que ofrecemos; de nuestras pr\u00e1cticas de privacidad; de cambios en nuestro modelo de negocio, o por otras causas.<\/p><p>Sobre los cambios que pueda sufrir el presente aviso de privacidad, se dar\u00e1n a conocer a trav\u00e9s de la p\u00e1gina web\u00a0Asimismo en esta p\u00e1gina podr\u00e1 verificar el procedimiento para llevar a cabo las notificaciones sobre cambios o actualizaciones.<\/p><p>La confidencialidad de los Datos est\u00e1 garantizada y los mismos est\u00e1n protegidos por medidas de seguridad administrativas, t\u00e9cnicas y f\u00edsicas, para evitar su da\u00f1o, p\u00e9rdida, alteraci\u00f3n, destrucci\u00f3n, uso, acceso o divulgaci\u00f3n indebida. \u00danicamente las personas autorizadas tendr\u00e1n acceso a sus Datos.<\/p><p>Para el ejercicio de cualquiera de los derechos ARCO as\u00ed como para conocer a detalle el procedimiento y requisitos para el ejercicio de estos, ponemos a su disposici\u00f3n el siguiente medio:<\/p><ol type=\"A\"><li>Nombre de la persona o departamento de datos personales: \u00c1rea Legal<\/li><li>Domicilio: calle Huatusco No 37, colonia Roma Sur, delegaci\u00f3n Cuauht\u00e9moc, C.P. 06760, Estado de la Ciudad de M\u00e9xico, pa\u00eds M\u00e9xico<\/li><li>Correo electr\u00f3nico: \u00a0arealegal@gruporoma.com<\/li><li>N\u00famero telef\u00f3nico: 55 52 64 76 62 ext. 408 y 412.<\/li><\/ol><p><strong>Su consentimiento para el tratamiento de sus datos personales<\/strong><\/p><p>Si usted NO manifiesta su oposici\u00f3n para que sus datos personales sean transferidos, se entender\u00e1 que ha otorgado su consentimiento para ello. Si el usuario utiliza los servicios de este sitio, significa que ha le\u00eddo, entendido y acordado los t\u00e9rminos antes expuestos. Si no est\u00e1 de acuerdo con ellos, el usuario no deber\u00e1 proporcionar ninguna informaci\u00f3n personal, ni utilizar los servicios de este sitio web.<\/p><p><strong><em>Consiento que mis datos personales sean tratados de conformidad con los t\u00e9rminos y condiciones informados en el presente aviso de privacidad.<\/em><\/strong><\/p><p><strong><u>\u00daltima actualizaci\u00f3n: 11\/07\/2022<\/u><\/strong><\/p>\t\t\t\t\t\t\t\t<\/div>\n\t\t\t\t<\/div>\n\t\t\t\t\t<\/div>\n\t\t<\/div>\n\t\t\t\t\t<\/div>\n\t\t<\/section>\n\t\t\t\t<\/div>\n\t\t","protected":false},"excerpt":{"rendered":"<p>\u201cACF\u201d, SOCIEDAD AN\u00d3NIMA DE CAPITAL VARIABLE, con domicilio en: Calle Huatusco n\u00famero 37, Colonia Roma Sur, Alcald\u00eda Cuauht\u00e9moc, C. P. 06760, Ciudad de M\u00e9xico, M\u00e9xico, y portal de internet\u00a0http:\/\/gruporoma.com.mx\/\u00a0es el responsable del uso y protecci\u00f3n de sus datos personales, y al respecto le informamos lo siguiente: De conformidad con lo previsto en la Ley Federal [&hellip;]<\/p>\n","protected":false},"author":2,"featured_media":0,"parent":0,"menu_order":0,"comment_status":"closed","ping_status":"closed","template":"","meta":{"footnotes":""},"class_list":["post-123","page","type-page","status-publish","hentry"],"_links":{"self":[{"href":"https:\/\/gruporoma.com\/index.php?rest_route=\/wp\/v2\/pages\/123","targetHints":{"allow":["GET"]}}],"collection":[{"href":"https:\/\/gruporoma.com\/index.php?rest_route=\/wp\/v2\/pages"}],"about":[{"href":"https:\/\/gruporoma.com\/index.php?rest_route=\/wp\/v2\/types\/page"}],"author":[{"embeddable":true,"href":"https:\/\/gruporoma.com\/index.php?rest_route=\/wp\/v2\/users\/2"}],"replies":[{"embeddable":true,"href":"https:\/\/gruporoma.com\/index.php?rest_route=%2Fwp%2Fv2%2Fcomments&post=123"}],"version-history":[{"count":5,"href":"https:\/\/gruporoma.com\/index.php?rest_route=\/wp\/v2\/pages\/123\/revisions"}],"predecessor-version":[{"id":128,"href":"https:\/\/gruporoma.com\/index.php?rest_route=\/wp\/v2\/pages\/123\/revisions\/128"}],"wp:attachment":[{"href":"https:\/\/gruporoma.com\/index.php?rest_route=%2Fwp%2Fv2%2Fmedia&parent=123"}],"curies":[{"name":"wp","href":"https:\/\/api.w.org\/{rel}","templated":true}]}}