{"id":152,"date":"2023-07-04T20:08:41","date_gmt":"2023-07-04T20:08:41","guid":{"rendered":"https:\/\/sitioweb.gruporoma.com\/?page_id=152"},"modified":"2025-07-01T22:05:44","modified_gmt":"2025-07-01T22:05:44","slug":"directorio-2","status":"publish","type":"page","link":"https:\/\/gruporoma.com\/?page_id=152","title":{"rendered":"Directorio"},"content":{"rendered":"\t\t<div data-elementor-type=\"wp-page\" data-elementor-id=\"152\" class=\"elementor elementor-152\" data-elementor-post-type=\"page\">\n\t\t\t\t\t\t<section class=\"elementor-section elementor-top-section elementor-element elementor-element-a99085f elementor-section-boxed elementor-section-height-default elementor-section-height-default\" data-id=\"a99085f\" data-element_type=\"section\" data-e-type=\"section\">\n\t\t\t\t\t\t<div class=\"elementor-container elementor-column-gap-default\">\n\t\t\t\t\t<div class=\"elementor-column elementor-col-100 elementor-top-column elementor-element elementor-element-842c890\" data-id=\"842c890\" data-element_type=\"column\" data-e-type=\"column\">\n\t\t\t<div class=\"elementor-widget-wrap elementor-element-populated\">\n\t\t\t\t\t\t<div class=\"elementor-element elementor-element-628e815 elementor-widget elementor-widget-spacer\" data-id=\"628e815\" data-element_type=\"widget\" data-e-type=\"widget\" data-widget_type=\"spacer.default\">\n\t\t\t\t<div class=\"elementor-widget-container\">\n\t\t\t\t\t\t\t<div class=\"elementor-spacer\">\n\t\t\t<div class=\"elementor-spacer-inner\"><\/div>\n\t\t<\/div>\n\t\t\t\t\t\t<\/div>\n\t\t\t\t<\/div>\n\t\t\t\t\t<\/div>\n\t\t<\/div>\n\t\t\t\t\t<\/div>\n\t\t<\/section>\n\t\t\t\t<section class=\"elementor-section elementor-top-section elementor-element elementor-element-77c8ac2 elementor-section-boxed elementor-section-height-default elementor-section-height-default\" data-id=\"77c8ac2\" data-element_type=\"section\" data-e-type=\"section\">\n\t\t\t\t\t\t<div class=\"elementor-container elementor-column-gap-default\">\n\t\t\t\t\t<div class=\"elementor-column elementor-col-100 elementor-top-column elementor-element elementor-element-ee1eb02\" data-id=\"ee1eb02\" data-element_type=\"column\" data-e-type=\"column\">\n\t\t\t<div class=\"elementor-widget-wrap\">\n\t\t\t\t\t\t\t<\/div>\n\t\t<\/div>\n\t\t\t\t\t<\/div>\n\t\t<\/section>\n\t\t\t\t<section class=\"elementor-section elementor-top-section elementor-element elementor-element-5be8c71 elementor-section-boxed elementor-section-height-default elementor-section-height-default\" data-id=\"5be8c71\" data-element_type=\"section\" data-e-type=\"section\">\n\t\t\t\t\t\t<div class=\"elementor-container elementor-column-gap-default\">\n\t\t\t\t\t<div class=\"elementor-column elementor-col-50 elementor-top-column elementor-element elementor-element-5e665ca\" data-id=\"5e665ca\" data-element_type=\"column\" data-e-type=\"column\">\n\t\t\t<div class=\"elementor-widget-wrap elementor-element-populated\">\n\t\t\t\t\t\t<div class=\"elementor-element elementor-element-e2abda1 elementor-hidden-tablet elementor-hidden-mobile elementor-widget elementor-widget-image\" data-id=\"e2abda1\" data-element_type=\"widget\" data-e-type=\"widget\" data-widget_type=\"image.default\">\n\t\t\t\t<div class=\"elementor-widget-container\">\n\t\t\t\t\t\t\t\t\t\t\t\t\t\t\t<img fetchpriority=\"high\" decoding=\"async\" width=\"800\" height=\"1014\" src=\"https:\/\/gruporoma.com\/wp-content\/uploads\/2023\/08\/CONTACTO-808x1024.jpg\" class=\"attachment-large size-large wp-image-790\" alt=\"\" srcset=\"https:\/\/gruporoma.com\/wp-content\/uploads\/2023\/08\/CONTACTO-808x1024.jpg 808w, https:\/\/gruporoma.com\/wp-content\/uploads\/2023\/08\/CONTACTO-237x300.jpg 237w, https:\/\/gruporoma.com\/wp-content\/uploads\/2023\/08\/CONTACTO-768x973.jpg 768w, https:\/\/gruporoma.com\/wp-content\/uploads\/2023\/08\/CONTACTO-1213x1536.jpg 1213w, https:\/\/gruporoma.com\/wp-content\/uploads\/2023\/08\/CONTACTO.jpg 1500w\" sizes=\"(max-width: 800px) 100vw, 800px\" \/>\t\t\t\t\t\t\t\t\t\t\t\t\t\t\t<\/div>\n\t\t\t\t<\/div>\n\t\t\t\t<div class=\"elementor-element elementor-element-27d17ec elementor-hidden-desktop elementor-widget elementor-widget-image\" data-id=\"27d17ec\" data-element_type=\"widget\" data-e-type=\"widget\" data-widget_type=\"image.default\">\n\t\t\t\t<div class=\"elementor-widget-container\">\n\t\t\t\t\t\t\t\t\t\t\t\t\t\t\t<img fetchpriority=\"high\" decoding=\"async\" width=\"800\" height=\"1014\" src=\"https:\/\/gruporoma.com\/wp-content\/uploads\/2023\/08\/CONTACTO-808x1024.jpg\" class=\"attachment-large size-large wp-image-790\" alt=\"\" srcset=\"https:\/\/gruporoma.com\/wp-content\/uploads\/2023\/08\/CONTACTO-808x1024.jpg 808w, https:\/\/gruporoma.com\/wp-content\/uploads\/2023\/08\/CONTACTO-237x300.jpg 237w, https:\/\/gruporoma.com\/wp-content\/uploads\/2023\/08\/CONTACTO-768x973.jpg 768w, https:\/\/gruporoma.com\/wp-content\/uploads\/2023\/08\/CONTACTO-1213x1536.jpg 1213w, https:\/\/gruporoma.com\/wp-content\/uploads\/2023\/08\/CONTACTO.jpg 1500w\" sizes=\"(max-width: 800px) 100vw, 800px\" \/>\t\t\t\t\t\t\t\t\t\t\t\t\t\t\t<\/div>\n\t\t\t\t<\/div>\n\t\t\t\t\t<\/div>\n\t\t<\/div>\n\t\t\t\t<div class=\"elementor-column elementor-col-50 elementor-top-column elementor-element elementor-element-30307e4\" data-id=\"30307e4\" data-element_type=\"column\" data-e-type=\"column\" data-settings=\"{&quot;background_background&quot;:&quot;classic&quot;}\">\n\t\t\t<div class=\"elementor-widget-wrap elementor-element-populated\">\n\t\t\t\t\t\t<div class=\"elementor-element elementor-element-9c60a20 elementor-widget elementor-widget-text-editor\" data-id=\"9c60a20\" data-element_type=\"widget\" data-e-type=\"widget\" data-widget_type=\"text-editor.default\">\n\t\t\t\t<div class=\"elementor-widget-container\">\n\t\t\t\t\t\t\t\t\t<p>Contacto Grupo Roma<\/p>\t\t\t\t\t\t\t\t<\/div>\n\t\t\t\t<\/div>\n\t\t\t\t<section class=\"elementor-section elementor-inner-section elementor-element elementor-element-996b3d2 elementor-section-boxed elementor-section-height-default elementor-section-height-default\" data-id=\"996b3d2\" data-element_type=\"section\" data-e-type=\"section\">\n\t\t\t\t\t\t<div class=\"elementor-container elementor-column-gap-default\">\n\t\t\t\t\t<div class=\"elementor-column elementor-col-100 elementor-inner-column elementor-element elementor-element-6296060\" data-id=\"6296060\" data-element_type=\"column\" data-e-type=\"column\">\n\t\t\t<div class=\"elementor-widget-wrap elementor-element-populated\">\n\t\t\t\t\t\t<div class=\"elementor-element elementor-element-a86463a elementor-widget__width-initial elementor-widget elementor-widget-text-editor\" data-id=\"a86463a\" data-element_type=\"widget\" data-e-type=\"widget\" data-widget_type=\"text-editor.default\">\n\t\t\t\t<div class=\"elementor-widget-container\">\n\t\t\t\t\t\t\t\t\t<p><a href=\"https:\/\/www.google.com\/maps\/place\/Grupo+Roma\/@19.4013344,-99.1758475,16.64z\/data=!3m1!5s0x85d1ff6c91a0d62d:0x9ca2eab050238afd!4m10!1m2!2m1!1sgrupo+roma+ciudad+de+mexico!3m6!1s0x85d21ce7601f431d:0xf12167994e6e6176!8m2!3d19.4010814!4d-99.1697129!15sChtncnVwbyByb21hIGNpdWRhZCBkZSBtZXhpY2-SARBjb3Jwb3JhdGVfb2ZmaWNlqgFjCg0vZy8xMWNuN241bmp6EAEqDiIKZ3J1cG8gcm9tYSgOMh8QASIb8oymlC0RoZNN7qctoNxVEo96unmXcta7JLO5Mh8QAiIbZ3J1cG8gcm9tYSBjaXVkYWQgZGUgbWV4aWNv4AEA!16s%2Fg%2F1tfgpr78?entry=ttu&amp;g_ep=EgoyMDI1MDYyMy4yIKXMDSoASAFQAw%3D%3D\">Oficinas Ciudad De M\u00e9xico: Huatusco 3, Colonia Roma Sur, Alcaldia Cuauht\u00e9mo. 0676. Tel. 55 52 84 60 58.<\/a><\/p>\t\t\t\t\t\t\t\t<\/div>\n\t\t\t\t<\/div>\n\t\t\t\t<div class=\"elementor-element elementor-element-ca6e727 elementor-widget__width-initial elementor-widget elementor-widget-text-editor\" data-id=\"ca6e727\" data-element_type=\"widget\" data-e-type=\"widget\" data-widget_type=\"text-editor.default\">\n\t\t\t\t<div class=\"elementor-widget-container\">\n\t\t\t\t\t\t\t\t\t<p><a href=\"https:\/\/www.google.com\/maps\/place\/Grupo+Roma\/@20.0856914,-98.3664932,17z\/data=!3m1!4b1!4m6!3m5!1s0x85d057caaafa02a7:0x45e2a1cc21ec7c12!8m2!3d20.0856914!4d-98.3664932!16s%2Fg%2F1tjdx77p?entry=ttu&amp;g_ep=EgoyMDI1MDYyMy4yIKXMDSoASAFQAw%3D%3D\">Oficinas Tulancingo Hidalgo: C. Ignacio L\u00f3pez Rayon, centro, Centro Periferia. 43600. Tel. 77 57 53 18 87.<\/a><\/p>\t\t\t\t\t\t\t\t<\/div>\n\t\t\t\t<\/div>\n\t\t\t\t<div class=\"elementor-element elementor-element-ca0e191 elementor-widget__width-initial elementor-widget elementor-widget-wpforms\" data-id=\"ca0e191\" data-element_type=\"widget\" data-e-type=\"widget\" data-widget_type=\"wpforms.default\">\n\t\t\t\t<div class=\"elementor-widget-container\">\n\t\t\t\t\t<style id=\"wpforms-css-vars-elementor-widget-ca0e191\">\n\t\t\t\t.elementor-widget-wpforms.elementor-element-ca0e191 {\n\t\t\t\t--wpforms-field-border-radius: 14px;\n--wpforms-field-border-color: #B4C5E7;\n--wpforms-field-border-color-spare: #B4C5E7;\n--wpforms-field-text-color: #7A7A7A;\n--wpforms-label-color: #2A4E97;\n--wpforms-label-sublabel-color: #7A7A7A;\n--wpforms-label-error-color: #ff0000;\n--wpforms-button-border-radius: 35px;\n--wpforms-button-background-color: #2A4E97;\n--wpforms-button-border-color: #cccccc;\n--wpforms-button-text-color: #FEFFFF;\n--wpforms-container-padding: 15px;\n--wpforms-container-border-radius: 26px;\n--wpforms-page-break-color: #dddddd;\n--wpforms-label-size-font-size: 14px;\n--wpforms-label-size-line-height: 17px;\n--wpforms-label-size-sublabel-font-size: 13px;\n--wpforms-label-size-sublabel-line-height: 16px;\n--wpforms-button-size-font-size: 20px;\n--wpforms-button-size-height: 48px;\n--wpforms-button-size-padding-h: 20px;\n--wpforms-button-size-margin-top: 15px;\n\t\t\t}\n\t\t\t<\/style><div class=\"wpforms-container wpforms-container-full wpforms-render-modern\" id=\"wpforms-1809\"><form id=\"wpforms-form-1809\" class=\"wpforms-validate wpforms-form wpforms-ajax-form\" data-formid=\"1809\" method=\"post\" enctype=\"multipart\/form-data\" action=\"\/index.php?rest_route=%2Fwp%2Fv2%2Fpages%2F152\" data-token=\"74432156f59c15edd35679b2767b2f77\" data-token-time=\"1776335348\"><noscript class=\"wpforms-error-noscript\">Por favor, activa JavaScript en tu navegador para completar este formulario.<\/noscript><div id=\"wpforms-error-noscript\" style=\"display: none;\">Por favor, activa JavaScript en tu navegador para completar este formulario.<\/div><div class=\"wpforms-field-container\"><div id=\"wpforms-1809-field_1-container\" class=\"wpforms-field wpforms-field-name\" data-field-id=\"1\"><fieldset><legend class=\"wpforms-field-label\">Nombre <span class=\"wpforms-required-label\" aria-hidden=\"true\">*<\/span><\/legend><div class=\"wpforms-field-row wpforms-field-medium\"><div class=\"wpforms-field-row-block wpforms-first wpforms-one-half\"><input type=\"text\" id=\"wpforms-1809-field_1\" class=\"wpforms-field-name-first wpforms-field-required\" name=\"wpforms[fields][1][first]\" aria-errormessage=\"wpforms-1809-field_1-error\" required><label for=\"wpforms-1809-field_1\" class=\"wpforms-field-sublabel after\">Nombre<\/label><\/div><div class=\"wpforms-field-row-block wpforms-one-half\"><input type=\"text\" id=\"wpforms-1809-field_1-last\" class=\"wpforms-field-name-last wpforms-field-required\" name=\"wpforms[fields][1][last]\" aria-errormessage=\"wpforms-1809-field_1-last-error\" required><label for=\"wpforms-1809-field_1-last\" class=\"wpforms-field-sublabel after\">Apellidos<\/label><\/div><\/div><\/fieldset><\/div><div id=\"wpforms-1809-field_2-container\" class=\"wpforms-field wpforms-field-email\" data-field-id=\"2\"><label class=\"wpforms-field-label\" for=\"wpforms-1809-field_2\">Correo electr\u00f3nico <span class=\"wpforms-required-label\" aria-hidden=\"true\">*<\/span><\/label><input type=\"email\" id=\"wpforms-1809-field_2\" class=\"wpforms-field-medium wpforms-field-required\" name=\"wpforms[fields][2]\" spellcheck=\"false\" aria-errormessage=\"wpforms-1809-field_2-error\" required><\/div>\t\t<div id=\"wpforms-1809-field_5-container\"\n\t\t\tclass=\"wpforms-field wpforms-field-text\"\n\t\t\tdata-field-type=\"text\"\n\t\t\tdata-field-id=\"5\"\n\t\t\t>\n\t\t\t<label class=\"wpforms-field-label\" for=\"wpforms-1809-field_5\" >Correo Tel\u00e9fono Comentario<\/label>\n\t\t\t<input type=\"text\" id=\"wpforms-1809-field_5\" class=\"wpforms-field-medium\" name=\"wpforms[fields][5]\" >\n\t\t<\/div>\n\t\t<div id=\"wpforms-1809-field_4-container\" class=\"wpforms-field wpforms-field-phone\" data-field-id=\"4\"><label class=\"wpforms-field-label\" for=\"wpforms-1809-field_4\">Tel\u00e9fono<\/label><input type=\"tel\" id=\"wpforms-1809-field_4\" class=\"wpforms-field-medium wpforms-smart-phone-field\" data-rule-smart-phone-field=\"true\" name=\"wpforms[fields][4]\" aria-label=\"Tel\u00e9fono\" aria-errormessage=\"wpforms-1809-field_4-error\" ><\/div><div id=\"wpforms-1809-field_3-container\" class=\"wpforms-field wpforms-field-textarea\" data-field-id=\"3\"><label class=\"wpforms-field-label\" for=\"wpforms-1809-field_3\">Comentario o mensaje<\/label><textarea id=\"wpforms-1809-field_3\" class=\"wpforms-field-medium\" name=\"wpforms[fields][3]\" aria-errormessage=\"wpforms-1809-field_3-error\" ><\/textarea><\/div><script>\n\t\t\t\t( function() {\n\t\t\t\t\tconst style = document.createElement( 'style' );\n\t\t\t\t\tstyle.appendChild( document.createTextNode( '#wpforms-1809-field_5-container { position: absolute !important; overflow: hidden !important; display: inline !important; height: 1px !important; width: 1px !important; z-index: -1000 !important; padding: 0 !important; } #wpforms-1809-field_5-container input { visibility: hidden; } #wpforms-conversational-form-page #wpforms-1809-field_5-container label { counter-increment: none; }' ) );\n\t\t\t\t\tdocument.head.appendChild( style );\n\t\t\t\t\tdocument.currentScript?.remove();\n\t\t\t\t} )();\n\t\t\t<\/script><\/div><!-- .wpforms-field-container --><div class=\"wpforms-recaptcha-container wpforms-is-recaptcha wpforms-is-recaptcha-type-v2\" ><div class=\"g-recaptcha\" data-sitekey=\"6LcLH3QrAAAAACxFnNo04hHPv0j_PCthqWAwTHue\"><\/div><input type=\"text\" name=\"g-recaptcha-hidden\" class=\"wpforms-recaptcha-hidden\" style=\"position:absolute!important;clip:rect(0,0,0,0)!important;height:1px!important;width:1px!important;border:0!important;overflow:hidden!important;padding:0!important;margin:0!important;\" data-rule-recaptcha=\"1\"><\/div><div class=\"wpforms-submit-container\" ><input type=\"hidden\" name=\"wpforms[id]\" value=\"1809\"><input type=\"hidden\" name=\"page_title\" value=\"\"><input type=\"hidden\" name=\"page_url\" value=\"https:\/\/gruporoma.com\/index.php?rest_route=\/wp\/v2\/pages\/152\"><input type=\"hidden\" name=\"url_referer\" value=\"\"><button type=\"submit\" name=\"wpforms[submit]\" id=\"wpforms-submit-1809\" class=\"wpforms-submit\" data-alt-text=\"Enviando...\" data-submit-text=\"Enviar\" aria-live=\"assertive\" value=\"wpforms-submit\">Enviar<\/button><img decoding=\"async\" src=\"https:\/\/gruporoma.com\/wp-content\/plugins\/wpforms\/assets\/images\/submit-spin.svg\" class=\"wpforms-submit-spinner\" style=\"display: none;\" width=\"26\" height=\"26\" alt=\"Cargando\"><\/div><\/form><\/div>  <!-- .wpforms-container -->\t\t\t\t<\/div>\n\t\t\t\t<\/div>\n\t\t\t\t\t<\/div>\n\t\t<\/div>\n\t\t\t\t\t<\/div>\n\t\t<\/section>\n\t\t\t\t\t<\/div>\n\t\t<\/div>\n\t\t\t\t\t<\/div>\n\t\t<\/section>\n\t\t\t\t<section class=\"elementor-section elementor-top-section elementor-element elementor-element-1e29ed1 elementor-section-full_width elementor-section-height-default elementor-section-height-default\" data-id=\"1e29ed1\" data-element_type=\"section\" data-e-type=\"section\" data-settings=\"{&quot;background_background&quot;:&quot;gradient&quot;}\">\n\t\t\t\t\t\t<div class=\"elementor-container elementor-column-gap-default\">\n\t\t\t\t\t<div class=\"elementor-column elementor-col-100 elementor-top-column elementor-element elementor-element-51b4a03\" data-id=\"51b4a03\" data-element_type=\"column\" data-e-type=\"column\">\n\t\t\t<div class=\"elementor-widget-wrap elementor-element-populated\">\n\t\t\t\t\t\t\t<\/div>\n\t\t<\/div>\n\t\t\t\t\t<\/div>\n\t\t<\/section>\n\t\t\t\t<\/div>\n\t\t","protected":false},"excerpt":{"rendered":"<p>Contacto Grupo Roma Oficinas Ciudad De M\u00e9xico: Huatusco 3, Colonia Roma Sur, Alcaldia Cuauht\u00e9mo. 0676. Tel. 55 52 84 60 58. Oficinas Tulancingo Hidalgo: C. Ignacio L\u00f3pez Rayon, centro, Centro Periferia. 43600. Tel. 77 57 53 18 87. Por favor, activa JavaScript en tu navegador para completar este formulario.Por favor, activa JavaScript en tu navegador [&hellip;]<\/p>\n","protected":false},"author":2,"featured_media":0,"parent":0,"menu_order":0,"comment_status":"closed","ping_status":"closed","template":"","meta":{"footnotes":""},"class_list":["post-152","page","type-page","status-publish","hentry"],"_links":{"self":[{"href":"https:\/\/gruporoma.com\/index.php?rest_route=\/wp\/v2\/pages\/152","targetHints":{"allow":["GET"]}}],"collection":[{"href":"https:\/\/gruporoma.com\/index.php?rest_route=\/wp\/v2\/pages"}],"about":[{"href":"https:\/\/gruporoma.com\/index.php?rest_route=\/wp\/v2\/types\/page"}],"author":[{"embeddable":true,"href":"https:\/\/gruporoma.com\/index.php?rest_route=\/wp\/v2\/users\/2"}],"replies":[{"embeddable":true,"href":"https:\/\/gruporoma.com\/index.php?rest_route=%2Fwp%2Fv2%2Fcomments&post=152"}],"version-history":[{"count":196,"href":"https:\/\/gruporoma.com\/index.php?rest_route=\/wp\/v2\/pages\/152\/revisions"}],"predecessor-version":[{"id":2241,"href":"https:\/\/gruporoma.com\/index.php?rest_route=\/wp\/v2\/pages\/152\/revisions\/2241"}],"wp:attachment":[{"href":"https:\/\/gruporoma.com\/index.php?rest_route=%2Fwp%2Fv2%2Fmedia&parent=152"}],"curies":[{"name":"wp","href":"https:\/\/api.w.org\/{rel}","templated":true}]}}